{"id":181,"date":"2014-10-25T11:17:37","date_gmt":"2014-10-25T11:17:37","guid":{"rendered":"http:\/\/192.168.1.70\/wordpress\/?page_id=181"},"modified":"2014-10-25T11:17:37","modified_gmt":"2014-10-25T11:17:37","slug":"efnisyfirlit-pistla","status":"publish","type":"page","link":"http:\/\/www.agust.net\/wordpress\/ymislegt\/efnisyfirlit-pistla\/","title":{"rendered":"Efnisyfirlit pistla"},"content":{"rendered":"<p>&nbsp;<\/p>\n<p>Efnisyfirlit bloggpistla er \u00e1 s\u00ed\u00f0unni\u00a0<a href=\"http:\/\/www.agust.net\/pistlar\/\">http:\/\/www.agust.net\/pistlar<\/a><\/p>\n","protected":false},"excerpt":{"rendered":"<p>&nbsp; Efnisyfirlit bloggpistla er \u00e1 s\u00ed\u00f0unni\u00a0http:\/\/www.agust.net\/pistlar<\/p>\n","protected":false},"author":2,"featured_media":0,"parent":47,"menu_order":0,"comment_status":"open","ping_status":"open","template":"","meta":[],"_links":{"self":[{"href":"http:\/\/www.agust.net\/wordpress\/wp-json\/wp\/v2\/pages\/181"}],"collection":[{"href":"http:\/\/www.agust.net\/wordpress\/wp-json\/wp\/v2\/pages"}],"about":[{"href":"http:\/\/www.agust.net\/wordpress\/wp-json\/wp\/v2\/types\/page"}],"author":[{"embeddable":true,"href":"http:\/\/www.agust.net\/wordpress\/wp-json\/wp\/v2\/users\/2"}],"replies":[{"embeddable":true,"href":"http:\/\/www.agust.net\/wordpress\/wp-json\/wp\/v2\/comments?post=181"}],"version-history":[{"count":1,"href":"http:\/\/www.agust.net\/wordpress\/wp-json\/wp\/v2\/pages\/181\/revisions"}],"predecessor-version":[{"id":182,"href":"http:\/\/www.agust.net\/wordpress\/wp-json\/wp\/v2\/pages\/181\/revisions\/182"}],"up":[{"embeddable":true,"href":"http:\/\/www.agust.net\/wordpress\/wp-json\/wp\/v2\/pages\/47"}],"wp:attachment":[{"href":"http:\/\/www.agust.net\/wordpress\/wp-json\/wp\/v2\/media?parent=181"}],"curies":[{"name":"wp","href":"https:\/\/api.w.org\/{rel}","templated":true}]}}