{"id":4,"date":"2014-10-15T21:05:53","date_gmt":"2014-10-15T21:05:53","guid":{"rendered":"http:\/\/192.168.1.70\/wordpress\/?page_id=4"},"modified":"2014-10-25T11:21:15","modified_gmt":"2014-10-25T11:21:15","slug":"hugarflug","status":"publish","type":"page","link":"http:\/\/www.agust.net\/wordpress\/hugarflug\/","title":{"rendered":"Um s\u00ed\u00f0una"},"content":{"rendered":"<p>\u00deetta er WordPress vefsetur sem geymt er \u00e1 heimagagnaverinu Synology NAS.\u00a0Eigandi er <strong>\u00c1g\u00fast H Bjarnason<\/strong> verkfr\u00e6\u00f0ingur.<\/p>\n<p>Vefs\u00ed\u00f0an er fyrst og fremst til heimabr\u00faks.<\/p>\n<p>H\u00e9r ver\u00f0a\u00a0v\u00e6ntanlega sm\u00e1pistlar, mynda-alb\u00fam og fleira g\u00f3\u00f0g\u00e6ti.\u00a0Sl\u00f3\u00f0in er \u00a0 <strong>www.agust.net \u00a0T\u00f6lvup\u00f3stur agust@agust.net<\/strong><\/p>\n<p><span style=\"color: #800000;\">This is the personal homepage belonging to<strong>\u00a0\u00c1<\/strong><span style=\"font-weight: bold;\">g\u00fast H Bjarnason <\/span>electrical engineer M.Sc. at <a href=\"http:\/\/verkis.is\">Verkis<\/a>.<\/span><\/p>\n<p>&nbsp;<\/p>\n<p>&nbsp;<\/p>\n<p>&nbsp;<\/p>\n<p style=\"text-align: center;\"><em><strong>&gt;&gt;&gt;\u00deessi s\u00ed\u00f0a er \u00ed vinnslu&lt;&lt;&lt;<\/strong><\/em><\/p>\n<p style=\"text-align: center;\"><a href=\"http:\/\/192.168.1.70\/wordpress\/wp-content\/uploads\/2014\/10\/HaleBopp-Andromeda-Aurora-big.jpg\"><img loading=\"lazy\" class=\"aligncenter  wp-image-31\" src=\"http:\/\/192.168.1.70\/wordpress\/wp-content\/uploads\/2014\/10\/HaleBopp-Andromeda-Aurora-big.jpg\" alt=\"HaleBopp-Andromeda-Aurora-big\" width=\"477\" height=\"462\" srcset=\"http:\/\/www.agust.net\/wordpress\/wp-content\/uploads\/2014\/10\/HaleBopp-Andromeda-Aurora-big.jpg 947w, http:\/\/www.agust.net\/wordpress\/wp-content\/uploads\/2014\/10\/HaleBopp-Andromeda-Aurora-big-300x290.jpg 300w\" sizes=\"(max-width: 477px) 100vw, 477px\" \/><\/a><\/p>\n<p>Comet Hale-Bopp, Andromeda galaxy at bottom right, aurora and thousands of stars, some blue-white, some white, some yellow. March 1997 near Reykjavik.\u00a0 400 ISO film exposed for 2 minutes using a motor drive to follow tha stars. 135mm lens. \u00a0Click on picture for a larger one.<\/p>\n<p style=\"color: #000000;\"><span style=\"font-family: 'Comic Sans MS';\">\u00c1 \u00feessari mynd m\u00e1 sj\u00e1 \u00fdmislegt\u00a0\u00f3venjulegt.<\/span><\/p>\n<p>Halastjarnan\u00a0er\u00a0<b><a href=\"http:\/\/www.jpl.nasa.gov\/comet\/\">Hale-Bopp<\/a><\/b>, sem s\u00e1st vel yfir \u00cdslandi \u00ed byrjun \u00e1rs 1997.\u00a0<b><a href=\"http:\/\/www.geo.mtu.edu\/weather\/aurora\/\">Nor\u00f0urlj\u00f3s<\/a><\/b>\u00a0n\u00e1\u00f0u n\u00e6stum a\u00f0 skemma myndina, en gera hana \u00fe\u00f3 skemmtilegri. Ne\u00f0st til h\u00e6gri m\u00e1 sj\u00e1\u00a0<b><a href=\"http:\/\/www.seds.org\/messier\/m\/m031.html\">Andromeda<\/a><\/b>\u00a0stj\u00f6rnu\u00feokuna. \u00dear eru milljar\u00f0ar s\u00f3la og \u00f6rugglega miki\u00f0 l\u00edf og fj\u00f6r. \u00c1 \u00feessari mynd m\u00e1 einnig sj\u00e1 aragr\u00faa stjarna, sem eru \u00f3s\u00fdnilegar me\u00f0 berum augum.\u00a0Filma var Kodak PPF Pro 400 ASA (g\u00f3\u00f0 filma fyrir\u00a0<a href=\"http:\/\/www.astropix.com\/\">stj\u00f6rnumyndat\u00f6ku)<\/a>. Linsa 135mm, Lj\u00f3sop 3,5. L\u00fdsingart\u00edmi um 2 m\u00edn\u00faur.\u00a0 Stj\u00f6rnuhimninum var fylgt eftir me\u00f0<a href=\"http:\/\/www.astronomyboy.com\/barndoor\/links.html\">m\u00f3tordrifi<\/a>. \u00c1HB t\u00f3k \u00feessa mynd \u00ed mars 1997.<\/p>\n<p style=\"color: #000000;\"><span style=\"font-family: 'Comic Sans MS';\">Bl\u00e1a rafsk\u00fdi\u00f0, sem ekki s\u00e9st me\u00f0 berum augum, er skylt nor\u00f0urlj\u00f3sunum. Hvort tveggja er rafgas (j\u00f3na\u00f0 gas), svipa\u00f0 og l\u00fdsir upp fl\u00farperur. Hv\u00edti halinn er aftur \u00e1 m\u00f3ti\u00a0 eins konar gufa, e\u00f0a sambland af vatnsgufu og ryki.<\/span><\/p>\n<p style=\"color: #000000;\"><span style=\"font-family: 'Comic Sans MS';\">\u00c1 myndinni m\u00e1 einnig sj\u00e1 a\u00f0 sumar stj\u00f6rnur eru bl\u00e1hv\u00edtar, a\u00f0rar hv\u00edtar og enn a\u00f0rar gulleitar.<\/span><\/p>\n<p style=\"color: #000000;\"><span style=\"font-family: 'Comic Sans MS';\">Nor\u00f0urlj\u00f3s stafa af \u00e1hrifum s\u00f3lvindsins \u00e1 efstu l\u00f6g lofthj\u00faps jar\u00f0ar. Sm\u00e1v\u00e6gilegar breytingar \u00ed virkni s\u00f3lar hafa hugsanlega veruleg \u00e1hrif \u00e1 langt\u00edma-ve\u00f0urfar.<\/span><\/p>\n<p style=\"color: #000000;\"><span style=\"font-family: 'Comic Sans MS';\">Litir eru a\u00f0eins \u00fdktir \u00e1 \u00feessari mynd. Smella \u00e1 hana til a\u00f0 st\u00e6kka.<\/span><\/p>\n<p style=\"color: #000000;\">\n","protected":false},"excerpt":{"rendered":"<p>\u00deetta er WordPress vefsetur sem geymt er \u00e1 heimagagnaverinu Synology NAS.\u00a0Eigandi er \u00c1g\u00fast H Bjarnason verkfr\u00e6\u00f0ingur. Vefs\u00ed\u00f0an er fyrst og fremst til heimabr\u00faks. H\u00e9r ver\u00f0a\u00a0v\u00e6ntanlega sm\u00e1pistlar, mynda-alb\u00fam og fleira g\u00f3\u00f0g\u00e6ti.\u00a0Sl\u00f3\u00f0in er \u00a0 www.agust.net \u00a0T\u00f6lvup\u00f3stur agust@agust.net This is the personal homepage belonging to\u00a0\u00c1g\u00fast H Bjarnason electrical engineer M.Sc. at Verkis. &nbsp; &nbsp; &nbsp; &gt;&gt;&gt;\u00deessi s\u00ed\u00f0a er&hellip;<\/p>\n","protected":false},"author":1,"featured_media":0,"parent":0,"menu_order":1,"comment_status":"open","ping_status":"open","template":"","meta":[],"_links":{"self":[{"href":"http:\/\/www.agust.net\/wordpress\/wp-json\/wp\/v2\/pages\/4"}],"collection":[{"href":"http:\/\/www.agust.net\/wordpress\/wp-json\/wp\/v2\/pages"}],"about":[{"href":"http:\/\/www.agust.net\/wordpress\/wp-json\/wp\/v2\/types\/page"}],"author":[{"embeddable":true,"href":"http:\/\/www.agust.net\/wordpress\/wp-json\/wp\/v2\/users\/1"}],"replies":[{"embeddable":true,"href":"http:\/\/www.agust.net\/wordpress\/wp-json\/wp\/v2\/comments?post=4"}],"version-history":[{"count":19,"href":"http:\/\/www.agust.net\/wordpress\/wp-json\/wp\/v2\/pages\/4\/revisions"}],"predecessor-version":[{"id":79,"href":"http:\/\/www.agust.net\/wordpress\/wp-json\/wp\/v2\/pages\/4\/revisions\/79"}],"wp:attachment":[{"href":"http:\/\/www.agust.net\/wordpress\/wp-json\/wp\/v2\/media?parent=4"}],"curies":[{"name":"wp","href":"https:\/\/api.w.org\/{rel}","templated":true}]}}