{"id":581,"date":"2015-09-04T12:40:16","date_gmt":"2015-09-04T12:40:16","guid":{"rendered":"http:\/\/192.168.1.70\/wordpress\/?page_id=581"},"modified":"2015-09-04T12:49:19","modified_gmt":"2015-09-04T12:49:19","slug":"rafrit","status":"publish","type":"page","link":"http:\/\/www.agust.net\/wordpress\/ymislegt\/rafrit\/","title":{"rendered":"Rafrit"},"content":{"rendered":"<p><strong><span style=\"color: #993300;\">Ekkert komi\u00f0 h\u00e9r enn\u00fe\u00e1<\/span><\/strong><\/p>\n<p>H\u00e9r er hugmyndin a\u00f0 hafa tengingar vi\u00f0 rafb\u00e6kur.<\/p>\n<p>Me\u00f0al annars ver\u00f0a tengingar vi\u00f0 rafb\u00e6kur se ger\u00f0ar hafa veri\u00f0 af ritum eftir J\u00f3n \u00d3lafsson ritstj\u00f3ra og \u00c1g\u00fast H Bjarnason pr\u00f3fessor.<\/p>\n<p>Sumt hefur fundist \u00e1 netinu, en anna\u00f0 hefur \u00c1g\u00fast H Bjarnason verkfr\u00e6\u00f0ingur gert.<\/p>\n<p>&nbsp;<\/p>\n<p>&nbsp;<\/p>\n<p>&nbsp;<\/p>\n","protected":false},"excerpt":{"rendered":"<p>Ekkert komi\u00f0 h\u00e9r enn\u00fe\u00e1 H\u00e9r er hugmyndin a\u00f0 hafa tengingar vi\u00f0 rafb\u00e6kur. Me\u00f0al annars ver\u00f0a tengingar vi\u00f0 rafb\u00e6kur se ger\u00f0ar hafa veri\u00f0 af ritum eftir J\u00f3n \u00d3lafsson ritstj\u00f3ra og \u00c1g\u00fast H Bjarnason pr\u00f3fessor. Sumt hefur fundist \u00e1 netinu, en anna\u00f0 hefur \u00c1g\u00fast H Bjarnason verkfr\u00e6\u00f0ingur gert. &nbsp; &nbsp; &nbsp;<\/p>\n","protected":false},"author":2,"featured_media":587,"parent":47,"menu_order":0,"comment_status":"closed","ping_status":"closed","template":"page-templates\/full-width.php","meta":[],"_links":{"self":[{"href":"http:\/\/www.agust.net\/wordpress\/wp-json\/wp\/v2\/pages\/581"}],"collection":[{"href":"http:\/\/www.agust.net\/wordpress\/wp-json\/wp\/v2\/pages"}],"about":[{"href":"http:\/\/www.agust.net\/wordpress\/wp-json\/wp\/v2\/types\/page"}],"author":[{"embeddable":true,"href":"http:\/\/www.agust.net\/wordpress\/wp-json\/wp\/v2\/users\/2"}],"replies":[{"embeddable":true,"href":"http:\/\/www.agust.net\/wordpress\/wp-json\/wp\/v2\/comments?post=581"}],"version-history":[{"count":2,"href":"http:\/\/www.agust.net\/wordpress\/wp-json\/wp\/v2\/pages\/581\/revisions"}],"predecessor-version":[{"id":586,"href":"http:\/\/www.agust.net\/wordpress\/wp-json\/wp\/v2\/pages\/581\/revisions\/586"}],"up":[{"embeddable":true,"href":"http:\/\/www.agust.net\/wordpress\/wp-json\/wp\/v2\/pages\/47"}],"wp:featuredmedia":[{"embeddable":true,"href":"http:\/\/www.agust.net\/wordpress\/wp-json\/wp\/v2\/media\/587"}],"wp:attachment":[{"href":"http:\/\/www.agust.net\/wordpress\/wp-json\/wp\/v2\/media?parent=581"}],"curies":[{"name":"wp","href":"https:\/\/api.w.org\/{rel}","templated":true}]}}